{"id":1256,"date":"2024-01-03T15:14:53","date_gmt":"2024-01-03T15:14:53","guid":{"rendered":"https:\/\/kallik.webdev.is\/product\/ricasoli-castello-di-brolio\/"},"modified":"2026-03-13T09:02:29","modified_gmt":"2026-03-13T09:02:29","slug":"ricasoli-castello-di-brolio","status":"publish","type":"product","link":"https:\/\/kallik.is\/en\/product\/ricasoli-castello-di-brolio\/","title":{"rendered":"Ricasoli Castello Di Brolio"},"content":{"rendered":"<p>Ricasoli er elsta v\u00ednh\u00fas \u00ed heimi og er b\u00fai\u00f0 a\u00f0 framlei\u00f0a v\u00edn fr\u00e1 1141. \u00deessi v\u00ednflaska er Gran Selezione af Sangiovese \u00fer\u00fagu og \u00fea\u00f0 kemur fram \u00ed l\u00e9ttu og fersku v\u00edni.&nbsp; Viltu bj\u00f3\u00f0a upp\u00e1 algj\u00f6rlega skothelt v\u00edn \u00fe\u00e1 er \u00feetta me\u00f0 \u00fev\u00ed betri kaupum sem h\u00e6gt er a\u00f0 gera \u00ed \u00feessum ver\u00f0klassa.&nbsp; F\u00e6r \u00f3tr\u00falegar 4,2 stj\u00f6rnur &#8211;&nbsp;<a href=\"https:\/\/www.vivino.com\/US-CA\/en\/ricasoli-castello-di-brolio-gran-selezione-chianti-classico\/w\/4875863?year=2020&amp;price_id=33553544\" target=\"_blank\">Vivino einkun<\/a><\/p>","protected":false},"excerpt":{"rendered":"<p>Ricasoli er elsta v\u00ednh\u00fas \u00ed heimi og er b\u00fai\u00f0 a\u00f0 framlei\u00f0a v\u00edn fr\u00e1 1141. \u00deessi v\u00ednflaska er Gran Selezione af Sangiovese \u00fer\u00fagu og \u00fea\u00f0 kemur fram \u00ed l\u00e9ttu og fersku v\u00edni.&nbsp; Viltu bj\u00f3\u00f0a upp\u00e1 algj\u00f6rlega skothelt v\u00edn \u00fe\u00e1 er \u00feetta me\u00f0 \u00fev\u00ed betri kaupum sem h\u00e6gt er a\u00f0 gera \u00ed \u00feessum ver\u00f0klassa.&nbsp; F\u00e6r \u00f3tr\u00falegar 4,2 [&hellip;]<\/p>\n","protected":false},"featured_media":6626,"comment_status":"closed","ping_status":"closed","template":"","meta":{"_acf_changed":false},"product_brand":[],"product_cat":[43],"product_tag":[],"class_list":{"0":"post-1256","1":"product","2":"type-product","3":"status-publish","4":"has-post-thumbnail","6":"product_cat-raudvin","7":"hide-add-to-cart-button","9":"first","10":"instock","11":"taxable","12":"shipping-taxable","13":"purchasable","14":"product-type-simple"},"acf":[],"jetpack_sharing_enabled":true,"_links":{"self":[{"href":"https:\/\/kallik.is\/en\/wp-json\/wp\/v2\/product\/1256","targetHints":{"allow":["GET"]}}],"collection":[{"href":"https:\/\/kallik.is\/en\/wp-json\/wp\/v2\/product"}],"about":[{"href":"https:\/\/kallik.is\/en\/wp-json\/wp\/v2\/types\/product"}],"replies":[{"embeddable":true,"href":"https:\/\/kallik.is\/en\/wp-json\/wp\/v2\/comments?post=1256"}],"wp:featuredmedia":[{"embeddable":true,"href":"https:\/\/kallik.is\/en\/wp-json\/wp\/v2\/media\/6626"}],"wp:attachment":[{"href":"https:\/\/kallik.is\/en\/wp-json\/wp\/v2\/media?parent=1256"}],"wp:term":[{"taxonomy":"product_brand","embeddable":true,"href":"https:\/\/kallik.is\/en\/wp-json\/wp\/v2\/product_brand?post=1256"},{"taxonomy":"product_cat","embeddable":true,"href":"https:\/\/kallik.is\/en\/wp-json\/wp\/v2\/product_cat?post=1256"},{"taxonomy":"product_tag","embeddable":true,"href":"https:\/\/kallik.is\/en\/wp-json\/wp\/v2\/product_tag?post=1256"}],"curies":[{"name":"wp","href":"https:\/\/api.w.org\/{rel}","templated":true}]}}