{"id":1173,"date":"2024-01-03T15:09:30","date_gmt":"2024-01-03T15:09:30","guid":{"rendered":"https:\/\/kallik.webdev.is\/product\/domaine-drouhin-rose-rock-pinot-noir\/"},"modified":"2026-04-13T14:56:04","modified_gmt":"2026-04-13T14:56:04","slug":"domaine-drouhin-rose-rock-pinot-noir","status":"publish","type":"product","link":"https:\/\/kallik.is\/en\/product\/domaine-drouhin-rose-rock-pinot-noir\/","title":{"rendered":"Domaine Drouhin Pinot Noir 2021"},"content":{"rendered":"<p>Fr\u00e1 hjarta Burgundy, Drouphin \u00ed Bandar\u00edkjunum <\/p>\n<p>Bj\u00f3ddu upp \u00e1 upplifun \u00ed matarbo\u00a8inu.<\/p>","protected":false},"excerpt":{"rendered":"<p>Fr\u00e1 hjarta Burgundy, Drouphin \u00ed Bandar\u00edkjunum Bj\u00f3ddu upp \u00e1 upplifun \u00ed matarbo\u00a8inu.<\/p>","protected":false},"featured_media":6581,"comment_status":"closed","ping_status":"closed","template":"","meta":{"_acf_changed":false},"product_brand":[],"product_cat":[43],"product_tag":[],"class_list":{"0":"post-1173","1":"product","2":"type-product","3":"status-publish","4":"has-post-thumbnail","6":"product_cat-raudvin","7":"hide-add-to-cart-button","9":"first","10":"instock","11":"taxable","12":"shipping-taxable","13":"purchasable","14":"product-type-simple"},"acf":[],"jetpack_sharing_enabled":true,"_links":{"self":[{"href":"https:\/\/kallik.is\/en\/wp-json\/wp\/v2\/product\/1173","targetHints":{"allow":["GET"]}}],"collection":[{"href":"https:\/\/kallik.is\/en\/wp-json\/wp\/v2\/product"}],"about":[{"href":"https:\/\/kallik.is\/en\/wp-json\/wp\/v2\/types\/product"}],"replies":[{"embeddable":true,"href":"https:\/\/kallik.is\/en\/wp-json\/wp\/v2\/comments?post=1173"}],"wp:featuredmedia":[{"embeddable":true,"href":"https:\/\/kallik.is\/en\/wp-json\/wp\/v2\/media\/6581"}],"wp:attachment":[{"href":"https:\/\/kallik.is\/en\/wp-json\/wp\/v2\/media?parent=1173"}],"wp:term":[{"taxonomy":"product_brand","embeddable":true,"href":"https:\/\/kallik.is\/en\/wp-json\/wp\/v2\/product_brand?post=1173"},{"taxonomy":"product_cat","embeddable":true,"href":"https:\/\/kallik.is\/en\/wp-json\/wp\/v2\/product_cat?post=1173"},{"taxonomy":"product_tag","embeddable":true,"href":"https:\/\/kallik.is\/en\/wp-json\/wp\/v2\/product_tag?post=1173"}],"curies":[{"name":"wp","href":"https:\/\/api.w.org\/{rel}","templated":true}]}}